{"id":1905,"date":"2025-11-27T09:20:10","date_gmt":"2025-11-27T08:20:10","guid":{"rendered":"https:\/\/sublitex.etinet.net\/boletin-de-privacidad\/"},"modified":"2026-04-03T16:14:41","modified_gmt":"2026-04-03T14:14:41","slug":"boletin-de-privacidad","status":"publish","type":"page","link":"https:\/\/sublitex.com\/es\/boletin-de-privacidad\/","title":{"rendered":"Bolet\u00edn de privacidad"},"content":{"rendered":"\n<h3>Informaci\u00f3n sobre el tratamiento de datos personales<\/h3>\n<p>Con la presente informaci\u00f3n sobre el tratamiento de datos personales (\u00abNota Informativa\u00bb), redactada de conformidad con el Reglamento UE 679\/2016 (en adelante, la<strong>\u00abPol\u00edtica de Privacidad<\/strong> \u00ab), Sublitex S.r.l, en su calidad de responsable aut\u00f3nomo del tratamiento de datos (el \u00ab<strong>Responsable del<\/strong><strong>Tratamiento<\/strong>\u00ab), te informa de que tratar\u00e1 los datos personales que nos facilites (los<strong>\u00abDatos\u00bb<\/strong>) para permitirte recibir material comercial, informativo, promocional y\/o publicitario (<strong>\u00abBolet\u00edn<\/strong>\u00ab).<br>. Tambi\u00e9n te informamos de que el Grupo Miroglio ha nombrado a un Responsable de Protecci\u00f3n de Datos, cuyos datos de contacto son los siguientes: Grupo Miroglio &#8211; Responsable de Protecci\u00f3n de Datos, Via S. Barbara 11, 12051 &#8211; Alba (CN), Italia, correo electr\u00f3nico: dpo@miroglio.com.<\/p>\n<p><br><strong>1. Origen y tipo de Datos tratados.<\/strong><br>El Responsable del Tratamiento tratar\u00e1 las siguientes categor\u00edas de Datos proporcionados directamente por ti: a) datos personales y de identificaci\u00f3n; b) datos de contacto.  <\/p>\n<p><br><strong>2. Finalidades del Tratamiento de Datos<\/strong><br>El Responsable del Tratamiento tratar\u00e1 tus Datos \u00fanicamente con la finalidad de enviar Boletines Informativos peri\u00f3dicos.<br>El tratamiento de tus Datos con la finalidad mencionada es un requisito necesario para el env\u00edo de los Boletines Informativos y, en consecuencia, si no das tu consentimiento, no podr\u00e1s recibir dichos Boletines.<\/p>\n<p><br><strong>3. M\u00e9todos de procesamiento de datos<\/strong><br>Los datos se procesar\u00e1n y tratar\u00e1n dentro de la Uni\u00f3n Europea mediante herramientas manuales y electr\u00f3nicas, de acuerdo con l\u00f3gicas estrictamente relacionadas con la finalidad antes mencionada, de modo que se garantice la seguridad y confidencialidad de los Datos de conformidad con la Ley de Privacidad.<\/p>\n<p><br><strong>4. Conservaci\u00f3n de Datos<\/strong><br>Tus Datos podr\u00e1n conservarse hasta que revoques tu consentimiento para su tratamiento tras tu decisi\u00f3n de no desear seguir recibiendo el Bolet\u00edn. La revocaci\u00f3n puede ejercerse en cualquier momento, incluso mediante el procedimiento de \u00abbaja\u00bb que aparece al final de cada Bolet\u00edn. <\/p>\n<p><br><strong>5. Comunicaci\u00f3n de datos<\/strong><br>Los datos podr\u00e1n ser comunicados a empresas pertenecientes al grupo Miroglio o a entidades externas que puedan ser calificadas como encargados o subencargados del tratamiento de datos, para actividades estrictamente relacionadas con las finalidades indicadas anteriormente, como por ejemplo: servicios de comunicaci\u00f3n y marketing, servicio de asistencia t\u00e9cnica y administrativa.<\/p>\n<p><br><strong>6. Derechos<\/strong><br>De conformidad con la Ley de Privacidad, tienes los siguientes derechos y facultades en relaci\u00f3n con tus Datos: a) derecho a ser informado de los fines y modalidades del tratamiento; b) acceso; c) actualizaci\u00f3n y rectificaci\u00f3n; d) supresi\u00f3n, anonimizaci\u00f3n o bloqueo; e) oposici\u00f3n al tratamiento; f) revocaci\u00f3n del consentimiento; g) portabilidad; h) limitaci\u00f3n del tratamiento.<br>Tambi\u00e9n tienes derecho a presentar una reclamaci\u00f3n ante la autoridad supervisora.<br>Te informamos de que puedes ejercer tus derechos poni\u00e9ndote en contacto directamente con el Responsable del Tratamiento en la direcci\u00f3n de correo electr\u00f3nico privacygroup@miroglio.com o escribiendo a Sublitex S.r.l. &#8211; Group Privacy Officer, Via S.Barbara 11, 12051 &#8211; Alba (CN), Italia.        <\/p>\n<p><br><strong>7. Modificaciones y actualizaciones al<\/strong> Aviso Informativo<br>El Responsable podr\u00e1 modificar, complementar y\/o actualizar total o parcialmente el presente Aviso Informativo, tambi\u00e9n en consideraci\u00f3n a futuros cambios que puedan afectar la Pol\u00edtica de Privacidad. Queda entendido que cualquier modificaci\u00f3n, adici\u00f3n o actualizaci\u00f3n te ser\u00e1 comunicada de manera oportuna y puntual a trav\u00e9s de los medios electr\u00f3nicos o impresos que el Responsable considere m\u00e1s adecuados. <\/p>\n","protected":false},"excerpt":{"rendered":"<p>Informaci\u00f3n sobre el tratamiento de datos personales Con la presente informaci\u00f3n sobre el tratamiento de datos personales (\u00abNota Informativa\u00bb), redactada de conformidad con el Reglamento UE 679\/2016 (en adelante, la\u00abPol\u00edtica de Privacidad \u00ab), Sublitex S.r.l, en su calidad de responsable aut\u00f3nomo del tratamiento de datos (el \u00abResponsable delTratamiento\u00ab), te informa de que tratar\u00e1 los datos [&hellip;]<\/p>\n","protected":false},"author":2,"featured_media":0,"parent":0,"menu_order":0,"comment_status":"closed","ping_status":"closed","template":"","meta":{"_acf_changed":false,"inline_featured_image":false,"footnotes":""},"class_list":["post-1905","page","type-page","status-publish","hentry"],"acf":[],"_links":{"self":[{"href":"https:\/\/sublitex.com\/es\/wp-json\/wp\/v2\/pages\/1905","targetHints":{"allow":["GET"]}}],"collection":[{"href":"https:\/\/sublitex.com\/es\/wp-json\/wp\/v2\/pages"}],"about":[{"href":"https:\/\/sublitex.com\/es\/wp-json\/wp\/v2\/types\/page"}],"author":[{"embeddable":true,"href":"https:\/\/sublitex.com\/es\/wp-json\/wp\/v2\/users\/2"}],"replies":[{"embeddable":true,"href":"https:\/\/sublitex.com\/es\/wp-json\/wp\/v2\/comments?post=1905"}],"version-history":[{"count":1,"href":"https:\/\/sublitex.com\/es\/wp-json\/wp\/v2\/pages\/1905\/revisions"}],"predecessor-version":[{"id":1908,"href":"https:\/\/sublitex.com\/es\/wp-json\/wp\/v2\/pages\/1905\/revisions\/1908"}],"wp:attachment":[{"href":"https:\/\/sublitex.com\/es\/wp-json\/wp\/v2\/media?parent=1905"}],"curies":[{"name":"wp","href":"https:\/\/api.w.org\/{rel}","templated":true}]}}