{"id":1923,"date":"2024-04-05T16:01:48","date_gmt":"2024-04-05T14:01:48","guid":{"rendered":"https:\/\/sublitex.etinet.net\/politica-de-privacidad\/"},"modified":"2026-04-03T16:14:54","modified_gmt":"2026-04-03T14:14:54","slug":"politica-de-privacidad","status":"publish","type":"page","link":"https:\/\/sublitex.com\/es\/politica-de-privacidad\/","title":{"rendered":"Pol\u00edtica de privacidad"},"content":{"rendered":"\n<p><strong>RESPONSABLE<\/strong> DEL TRATAMIENTO<br>Como consecuencia de la consulta de este sitio web, pueden ser objeto de tratamiento datos relativos a personas identificadas o identificables.<br>De conformidad con la legislaci\u00f3n vigente y con lo dispuesto en el art\u00edculo 13 del Reglamento UE 2016\/679 del Parlamento Europeo y del Consejo, de 27 de abril de 2016, relativo a la protecci\u00f3n de las personas f\u00edsicas en lo que respecta al tratamiento de datos personales y a la libre circulaci\u00f3n de estos datos (en adelante, el \u00abReglamento UE\u00bb), te informamos de que el Responsable del Tratamiento de los datos que nos facilitas es Sublitex S.r.l, con domicilio social en Alba (CN), Via S. Barbara 11, Italia, c\u00f3digo fiscal y NIF 03737080048 (en adelante, el \u00abResponsable del tratamiento\u00bb).<br>. Tambi\u00e9n te informamos de que el Grupo Miroglio ha nombrado a un Responsable de la protecci\u00f3n de datos, cuyos datos de contacto son los siguientes: Grupo Miroglio &#8211; Responsable de la protecci\u00f3n de datos, Via S. Barbara 11, 12051 &#8211; Alba (CN), Italia, correo electr\u00f3nico: dpo@miroglio.com.<\/p>\n<p><strong>M\u00c9TODOS DE<\/strong> TRATAMIENTO DE DATOS <strong>Y CATEGOR\u00cdAS DE DESTINATARIOS DE LOS DATOS PERSONALES<\/strong><br>Los datos ser\u00e1n tratados mediante instrumentos manuales y automatizados durante el tiempo estrictamente necesario para alcanzar los fines para los que fueron recogidos, de acuerdo con las finalidades especificadas en los p\u00e1rrafos de la secci\u00f3n \u00abTipos de datos tratados\u00bb, de la presente Pol\u00edtica de Privacidad.<br>Se observan medidas de seguridad espec\u00edficas para prevenir la p\u00e9rdida de datos, usos il\u00edcitos o incorrectos y accesos no autorizados a los mismos. Las operaciones de procesamiento relacionadas con los servicios web de este sitio web son realizadas \u00fanicamente por personal autorizado para procesar los datos, o por procesadores de datos externos que realizan operaciones de mantenimiento ocasionales.<br>Los datos pueden ser comunicados a otras empresas pertenecientes al Grupo Miroglio o a terceros calificados como procesadores de datos externos, exclusivamente para actividades relacionadas con los fines previstos en los avisos de privacidad espec\u00edficos del sitio web. La lista completa de los procesadores de datos externos puede solicitarse en cualquier momento escribiendo al Controlador de datos, Sublitex S.r.l., a la direcci\u00f3n indicada en el p\u00e1rrafo \u00abDerechos de los interesados\u00bb.  <br>Los datos personales se tratar\u00e1n dentro de la Uni\u00f3n Europea.<\/p>\n<p><strong>TIPOS DE DATOS TRATADOS<\/strong><br><strong>Datos de navegaci\u00f3n<\/strong><br>Los sistemas inform\u00e1ticos y los procedimientos de software utilizados para hacer funcionar este sitio web adquieren, durante su funcionamiento normal, algunos datos personales cuya transmisi\u00f3n est\u00e1 impl\u00edcita en el uso de los protocolos de comunicaci\u00f3n de Internet. Estos datos no se recogen para asociarlos a interesados identificados, pero por su propia naturaleza podr\u00edan, mediante su tratamiento y asociaci\u00f3n con datos en poder de terceros, permitir identificar a los usuarios. Esta categor\u00eda de datos incluye las direcciones IP o los nombres de dominio de los ordenadores utilizados por los usuarios que se conectan al sitio, las direcciones en notaci\u00f3n URI (Uniform Resource Identifier) de los recursos solicitados, la hora de la solicitud, el m\u00e9todo utilizado para enviar la solicitud al servidor, el tama\u00f1o del archivo obtenido como respuesta, el c\u00f3digo num\u00e9rico que indica el estado de la respuesta dada por el servidor (correcto, error, etc. &#8230;) y otros par\u00e1metros relativos al sistema operativo y al entorno inform\u00e1tico del usuario.<br>Estos datos se utilizan \u00fanicamente para obtener informaci\u00f3n estad\u00edstica an\u00f3nima sobre el uso del sitio y para comprobar su correcto funcionamiento, y se eliminan inmediatamente despu\u00e9s de su procesamiento. Los datos podr\u00edan utilizarse para determinar responsabilidades en caso de hipot\u00e9ticos delitos inform\u00e1ticos en perjuicio del sitio: aparte de esta posibilidad, los datos sobre contactos web no persisten actualmente m\u00e1s de siete d\u00edas.   <\/p>\n<p><br><strong>Datos facilitados voluntariamente por el usuario<\/strong><br>No es necesario que el usuario facilite datos personales para consultar el sitio. El env\u00edo facultativo, expl\u00edcito y voluntario de correo electr\u00f3nico a las direcciones indicadas en este sitio implica la posterior obtenci\u00f3n de la direcci\u00f3n del remitente, necesaria para responder a las solicitudes, as\u00ed como de cualquier otro dato personal incluido en el mensaje. Estos datos se utilizar\u00e1n con el \u00fanico fin de responder a la solicitud del usuario y s\u00f3lo podr\u00e1n comunicarse a terceros si es necesario para este fin.  <br>Para el tratamiento de datos con estos fines, no se requiere tu consentimiento, ya que el tratamiento es necesario para la ejecuci\u00f3n de un contrato en el que eres parte o para la ejecuci\u00f3n de medidas precontractuales adoptadas a petici\u00f3n tuya (art. 6, apdo. 1, letra b del Reglamento), as\u00ed como, en su caso, para cumplir una obligaci\u00f3n legal (art. 6, apdo. 1, letra a del Reglamento).<br>Los datos se procesar\u00e1n utilizando instrumentos adecuados para proteger la confidencialidad y seguridad de tus datos de acuerdo con la normativa vigente sobre privacidad.<br>Cuando los datos se traten para fines distintos de los indicados anteriormente, dichos datos se conservar\u00e1n durante el tiempo estrictamente necesario para prestar al usuario el servicio solicitado y se eliminar\u00e1n inmediatamente despu\u00e9s, sin perjuicio de otras obligaciones de conservaci\u00f3n previstas por la ley.<br><br><strong>Cookies<\/strong><br>Para obtener informaci\u00f3n sobre las cookies del sitio web, consulta la Pol\u00edtica de Cookies.<br><br><strong>ENV\u00cdO OPTATIVO DE DATOS<\/strong><br>Aparte de lo especificado para los datos de navegaci\u00f3n, el usuario es libre de proporcionar datos personales si se le solicitan en secciones espec\u00edficas del sitio. El hecho de no proporcionarlos puede imposibilitar la obtenci\u00f3n de lo solicitado. <\/p>\n<p><strong>DERECHOS DE<\/strong> LOS INTERESADOS<br>Los interesados tienen derecho a ejercer en cualquier momento sus derechos en virtud de los art\u00edculos 15 y siguientes del Reglamento de la UE, incluidos: a) el derecho a ser informados de los fines y m\u00e9todos del tratamiento; b) el acceso; c) la actualizaci\u00f3n y rectificaci\u00f3n; d) la supresi\u00f3n, anonimizaci\u00f3n o bloqueo; e) la oposici\u00f3n al tratamiento, incluida la oposici\u00f3n a los procesos de toma de decisiones automatizadas, incluida la elaboraci\u00f3n de perfiles; f) la revocaci\u00f3n del consentimiento; g) la portabilidad; h) la restricci\u00f3n del tratamiento.<br>Las personas a las que se refieren los datos personales tambi\u00e9n tienen derecho a presentar reclamaciones ante la autoridad supervisora.<br>Estos derechos pueden ejercerse poni\u00e9ndose en contacto directamente con el Responsable del Tratamiento en la direcci\u00f3n de correo electr\u00f3nico privacygroup@miroglio.com o escribiendo a Miroglio Group &#8211; Group Privacy Officer, Via S. Barbara 11, 12051 &#8211; Alba (CN), Italia.        <\/p>\n<p><strong>CAMBIOS EN LA POL\u00cdTICA<\/strong><br>La posible entrada en vigor de nuevas normativas sectoriales, as\u00ed como la constante revisi\u00f3n y actualizaci\u00f3n de los servicios a los usuarios, pueden conllevar la necesidad de modificar la forma en que tratamos los datos personales de los usuarios. Por lo tanto, es posible que nuestra pol\u00edtica de privacidad cambie con el tiempo, por lo que invitamos a los visitantes a consultar peri\u00f3dicamente esta p\u00e1gina. <\/p>\n","protected":false},"excerpt":{"rendered":"<p>RESPONSABLE DEL TRATAMIENTOComo consecuencia de la consulta de este sitio web, pueden ser objeto de tratamiento datos relativos a personas identificadas o identificables.De conformidad con la legislaci\u00f3n vigente y con lo dispuesto en el art\u00edculo 13 del Reglamento UE 2016\/679 del Parlamento Europeo y del Consejo, de 27 de abril de 2016, relativo a la [&hellip;]<\/p>\n","protected":false},"author":2,"featured_media":0,"parent":0,"menu_order":0,"comment_status":"closed","ping_status":"closed","template":"","meta":{"_acf_changed":false,"inline_featured_image":false,"footnotes":""},"class_list":["post-1923","page","type-page","status-publish","hentry"],"acf":[],"_links":{"self":[{"href":"https:\/\/sublitex.com\/es\/wp-json\/wp\/v2\/pages\/1923","targetHints":{"allow":["GET"]}}],"collection":[{"href":"https:\/\/sublitex.com\/es\/wp-json\/wp\/v2\/pages"}],"about":[{"href":"https:\/\/sublitex.com\/es\/wp-json\/wp\/v2\/types\/page"}],"author":[{"embeddable":true,"href":"https:\/\/sublitex.com\/es\/wp-json\/wp\/v2\/users\/2"}],"replies":[{"embeddable":true,"href":"https:\/\/sublitex.com\/es\/wp-json\/wp\/v2\/comments?post=1923"}],"version-history":[{"count":3,"href":"https:\/\/sublitex.com\/es\/wp-json\/wp\/v2\/pages\/1923\/revisions"}],"predecessor-version":[{"id":1943,"href":"https:\/\/sublitex.com\/es\/wp-json\/wp\/v2\/pages\/1923\/revisions\/1943"}],"wp:attachment":[{"href":"https:\/\/sublitex.com\/es\/wp-json\/wp\/v2\/media?parent=1923"}],"curies":[{"name":"wp","href":"https:\/\/api.w.org\/{rel}","templated":true}]}}