{"id":1929,"date":"2024-09-27T15:00:13","date_gmt":"2024-09-27T13:00:13","guid":{"rendered":"https:\/\/sublitex.etinet.net\/sobre-nosotros\/"},"modified":"2026-04-03T17:28:21","modified_gmt":"2026-04-03T15:28:21","slug":"sobre-nosotros","status":"publish","type":"page","link":"https:\/\/sublitex.com\/es\/sobre-nosotros\/","title":{"rendered":"La empresa"},"content":{"rendered":"\n<h3>L\u00edder en impresi\u00f3n por transferencia<\/h3>\n<p> <\/p>\n<p data-start=\"578\" data-end=\"805\">Sublitex naci\u00f3 en 1976 en Alba a partir de un ambicioso proyecto del <strong data-start=\"639\" data-end=\"658\">Grupo Miroglio<\/strong>, con el objetivo de explorar y desarrollar el potencial de la tecnolog\u00eda de transferencia y anticipar la evoluci\u00f3n de los procesos de impresi\u00f3n industrial.<\/p>\n<p data-start=\"807\" data-end=\"1106\">Desde el principio, la atenci\u00f3n constante a las necesidades del mercado, combinada con un impulso continuo hacia la innovaci\u00f3n tecnol\u00f3gica, ha impulsado el crecimiento de la empresa, permitiendo a Sublitex establecerse progresivamente como una referencia internacional en el sector de <strong data-start=\"1086\" data-end=\"1105\">la impresi\u00f3n por transferencia<\/strong>.<\/p>\n<p data-start=\"1108\" data-end=\"1365\">Hoy en d\u00eda, gracias a una red comercial activa en m\u00e1s de 50 pa\u00edses, Sublitex opera a escala mundial apoyando a clientes de los principales mercados textiles, industriales y de dise\u00f1o, consolidando una posici\u00f3n de liderazgo reconocida en todo el mundo.<\/p>\n<p data-start=\"1367\" data-end=\"1692\">Este camino de desarrollo va acompa\u00f1ado de la voluntad de la empresa de promover un modelo industrial sostenible y responsable, orientando sus opciones tecnol\u00f3gicas y productivas de acuerdo con los principios <strong data-start=\"1588\" data-end=\"1624\">del C\u00f3digo \u00c9tico del Grupo Miroglio<\/strong> y las crecientes exigencias medioambientales del contexto internacional.<\/p>\n<p> <\/p>\n<p> <\/p>\n","protected":false},"excerpt":{"rendered":"<p>L\u00edder en impresi\u00f3n por transferencia Sublitex naci\u00f3 en 1976 en Alba a partir de un ambicioso proyecto del Grupo Miroglio, con el objetivo de explorar y desarrollar el potencial de la tecnolog\u00eda de transferencia y anticipar la evoluci\u00f3n de los procesos de impresi\u00f3n industrial. Desde el principio, la atenci\u00f3n constante a las necesidades del mercado, [&hellip;]<\/p>\n","protected":false},"author":2,"featured_media":0,"parent":0,"menu_order":0,"comment_status":"closed","ping_status":"closed","template":"template-pages\/page-chi-siamo.php","meta":{"_acf_changed":false,"inline_featured_image":false,"footnotes":""},"class_list":["post-1929","page","type-page","status-publish","hentry"],"acf":[],"_links":{"self":[{"href":"https:\/\/sublitex.com\/es\/wp-json\/wp\/v2\/pages\/1929","targetHints":{"allow":["GET"]}}],"collection":[{"href":"https:\/\/sublitex.com\/es\/wp-json\/wp\/v2\/pages"}],"about":[{"href":"https:\/\/sublitex.com\/es\/wp-json\/wp\/v2\/types\/page"}],"author":[{"embeddable":true,"href":"https:\/\/sublitex.com\/es\/wp-json\/wp\/v2\/users\/2"}],"replies":[{"embeddable":true,"href":"https:\/\/sublitex.com\/es\/wp-json\/wp\/v2\/comments?post=1929"}],"version-history":[{"count":2,"href":"https:\/\/sublitex.com\/es\/wp-json\/wp\/v2\/pages\/1929\/revisions"}],"predecessor-version":[{"id":2054,"href":"https:\/\/sublitex.com\/es\/wp-json\/wp\/v2\/pages\/1929\/revisions\/2054"}],"wp:attachment":[{"href":"https:\/\/sublitex.com\/es\/wp-json\/wp\/v2\/media?parent=1929"}],"curies":[{"name":"wp","href":"https:\/\/api.w.org\/{rel}","templated":true}]}}